{"id":1287,"date":"2024-07-30T11:27:05","date_gmt":"2024-07-30T09:27:05","guid":{"rendered":"https:\/\/palmengarten-gesellschaft.de\/?page_id=1287"},"modified":"2024-07-30T15:18:51","modified_gmt":"2024-07-30T13:18:51","slug":"fuchsiengarten","status":"publish","type":"page","link":"https:\/\/palmengarten-gesellschaft.de\/index.php\/fuchsiengarten\/","title":{"rendered":"Fuchsiengarten"},"content":{"rendered":"\n<p><strong>\u2026wie aus einem \u201aAcker\u2018 ein FUCHSIEN-GARTEN wurde!<\/strong><\/p>\n\n\n<div class=\"wp-block-image\">\n<figure class=\"alignright size-large is-resized\"><img loading=\"lazy\" decoding=\"async\" width=\"1024\" height=\"768\" src=\"https:\/\/palmengarten-gesellschaft.de\/wp-content\/uploads\/2024\/07\/2023_03_17-Fuchsien-Acker-1-KL-1024x768.jpg\" alt=\"\" class=\"wp-image-1288\" style=\"width:348px;height:auto\" srcset=\"https:\/\/palmengarten-gesellschaft.de\/wp-content\/uploads\/2024\/07\/2023_03_17-Fuchsien-Acker-1-KL-1024x768.jpg 1024w, https:\/\/palmengarten-gesellschaft.de\/wp-content\/uploads\/2024\/07\/2023_03_17-Fuchsien-Acker-1-KL-300x225.jpg 300w, https:\/\/palmengarten-gesellschaft.de\/wp-content\/uploads\/2024\/07\/2023_03_17-Fuchsien-Acker-1-KL-768x576.jpg 768w, https:\/\/palmengarten-gesellschaft.de\/wp-content\/uploads\/2024\/07\/2023_03_17-Fuchsien-Acker-1-KL-730x547.jpg 730w, https:\/\/palmengarten-gesellschaft.de\/wp-content\/uploads\/2024\/07\/2023_03_17-Fuchsien-Acker-1-KL.jpg 1288w\" sizes=\"auto, (max-width: 1024px) 100vw, 1024px\" \/><\/figure>\n<\/div>\n\n\n<p>Anfang 2023 wurden wir vom Palmengarten gefragt, ob eine Finanzierung m\u00f6glich w\u00e4re, um eine kleine Freifl\u00e4che hinter dem Tropicarium und vor dem Sommer-Kakteen-Garten in ein Fuchsien-Beet umzugestalten.<\/p>\n\n\n\n<p>Nach reiflicher \u00dcberlegung haben wir uns entschieden, nur eine NEU-GESTALTUNG der gesamten Fl\u00e4che zu unterst\u00fctzen. Auch kam der Gedanke, die der Palmengarten-Gesellschaft zugewandten Verm\u00e4chtnisse von zwei Mitgliedern ganz bewusst daf\u00fcr einzusetzen. Wir wollen damit ein Zeichen setzen, um DANKE zu sagen. Der Palmengarten wird dies auch noch mit einer entsprechenden Widmung honorieren.<\/p>\n\n\n<div class=\"wp-block-image\">\n<figure class=\"alignleft size-full is-resized\"><img loading=\"lazy\" decoding=\"async\" width=\"640\" height=\"480\" src=\"https:\/\/palmengarten-gesellschaft.de\/wp-content\/uploads\/2024\/07\/Aufbau_9KL.jpg\" alt=\"\" class=\"wp-image-1289\" style=\"width:369px;height:auto\" srcset=\"https:\/\/palmengarten-gesellschaft.de\/wp-content\/uploads\/2024\/07\/Aufbau_9KL.jpg 640w, https:\/\/palmengarten-gesellschaft.de\/wp-content\/uploads\/2024\/07\/Aufbau_9KL-300x225.jpg 300w\" sizes=\"auto, (max-width: 640px) 100vw, 640px\" \/><\/figure>\n<\/div>\n\n\n<p>Die von der G\u00e4rtnerei des Palmengartens gestaltete Planung hat uns dann gleich begeistert. Im Verlauf des Jahres 2023 wurden die Weg-Begrenzungen aus Cortenstahl in Auftrag gegeben. Die G\u00e4rtner des Palmengartens haben das Erdreich vorbereitet und dann musste der Winter abgewartet werden. Im Fr\u00fchjahr 2024 erfolgte der Einbau der ganz besonderen \u2013 fast antik anmutenden \u2013 Beet-Einfassungen. Die prachtvollen Fuchsien kamen aus der G\u00e4rtnerei des Palmengartens und wurden in die Beete gepflanzt. Nun konnte die Natur sich entfalten.<\/p>\n\n\n\n<p>Den Besuchern wird jetzt die M\u00f6glichkeit er\u00f6ffnet, zwischen den wundersch\u00f6nen Stauden zu wandeln und diesen ganz nah\u2018 zu sein. Kleine verschlungene und mit Mulch bestreute Wege laden dazu ein. Die Fuchsien bl\u00fchen \u00fcppig in rot, rosa, wei\u00df und blau. Im hiesigen Volksmund sagt man zu Fuchsien auch: die Hessenm\u00e4dchen \u2013 denn in der Schwalm tragen die \u201aM\u00e4dchen\u2018 die wei\u00dfen R\u00f6cke unter den roten und blauen weitschwingenden R\u00f6cken der wertvollen Tracht.<\/p>\n\n\n<div class=\"wp-block-image\">\n<figure class=\"alignright size-large is-resized\"><img loading=\"lazy\" decoding=\"async\" width=\"1024\" height=\"461\" src=\"https:\/\/palmengarten-gesellschaft.de\/wp-content\/uploads\/2024\/07\/2024_07_09-Fuchsien-Beet-fertig-6KL-1024x461.jpg\" alt=\"\" class=\"wp-image-1290\" style=\"width:433px;height:auto\" srcset=\"https:\/\/palmengarten-gesellschaft.de\/wp-content\/uploads\/2024\/07\/2024_07_09-Fuchsien-Beet-fertig-6KL-1024x461.jpg 1024w, https:\/\/palmengarten-gesellschaft.de\/wp-content\/uploads\/2024\/07\/2024_07_09-Fuchsien-Beet-fertig-6KL-300x135.jpg 300w, https:\/\/palmengarten-gesellschaft.de\/wp-content\/uploads\/2024\/07\/2024_07_09-Fuchsien-Beet-fertig-6KL-768x346.jpg 768w, https:\/\/palmengarten-gesellschaft.de\/wp-content\/uploads\/2024\/07\/2024_07_09-Fuchsien-Beet-fertig-6KL-1536x691.jpg 1536w, https:\/\/palmengarten-gesellschaft.de\/wp-content\/uploads\/2024\/07\/2024_07_09-Fuchsien-Beet-fertig-6KL.jpg 2000w\" sizes=\"auto, (max-width: 1024px) 100vw, 1024px\" \/><\/figure>\n<\/div>\n\n\n<p>Wir freuen uns sehr, dass wir als \u201aFreunde\u2018 dem Palmengarten mit der Finanzierung des Fuchsien-Gartens wieder eine Besonderheit erm\u00f6glichen konnten und w\u00fcnschen den Besuchern viel Freude mit diesem neuen Bereich des Gartens.<\/p>\n\n\n\n<p><\/p>\n\n\n\n<p class=\"has-text-align-center\">Freunde des Palmengartens e. V.<br>Vorstand<\/p>\n\n\n\n<p>Die Bilder zeigen den Weg auf, der hin zu einem Kleinod f\u00fchrt.<\/p>\n\n\n\n<figure class=\"wp-block-gallery has-nested-images columns-default is-cropped wp-block-gallery-1 is-layout-flex wp-block-gallery-is-layout-flex\">\n<figure class=\"wp-block-image size-large\"><img loading=\"lazy\" decoding=\"async\" width=\"1024\" height=\"768\" data-id=\"1302\" src=\"https:\/\/palmengarten-gesellschaft.de\/wp-content\/uploads\/2024\/07\/2023_03_17-Fuchsien-Acker-1-KL-4-1024x768.jpg\" alt=\"\" class=\"wp-image-1302\" srcset=\"https:\/\/palmengarten-gesellschaft.de\/wp-content\/uploads\/2024\/07\/2023_03_17-Fuchsien-Acker-1-KL-4-1024x768.jpg 1024w, https:\/\/palmengarten-gesellschaft.de\/wp-content\/uploads\/2024\/07\/2023_03_17-Fuchsien-Acker-1-KL-4-300x225.jpg 300w, https:\/\/palmengarten-gesellschaft.de\/wp-content\/uploads\/2024\/07\/2023_03_17-Fuchsien-Acker-1-KL-4-768x576.jpg 768w, https:\/\/palmengarten-gesellschaft.de\/wp-content\/uploads\/2024\/07\/2023_03_17-Fuchsien-Acker-1-KL-4-730x547.jpg 730w, https:\/\/palmengarten-gesellschaft.de\/wp-content\/uploads\/2024\/07\/2023_03_17-Fuchsien-Acker-1-KL-4.jpg 1288w\" sizes=\"auto, (max-width: 1024px) 100vw, 1024px\" \/><\/figure>\n\n\n\n<figure class=\"wp-block-image size-large\"><img loading=\"lazy\" decoding=\"async\" width=\"320\" height=\"240\" data-id=\"1298\" src=\"https:\/\/palmengarten-gesellschaft.de\/wp-content\/uploads\/2024\/07\/Aufbau_2-2.jpg\" alt=\"\" class=\"wp-image-1298\" srcset=\"https:\/\/palmengarten-gesellschaft.de\/wp-content\/uploads\/2024\/07\/Aufbau_2-2.jpg 320w, https:\/\/palmengarten-gesellschaft.de\/wp-content\/uploads\/2024\/07\/Aufbau_2-2-300x225.jpg 300w\" sizes=\"auto, (max-width: 320px) 100vw, 320px\" \/><\/figure>\n\n\n\n<figure class=\"wp-block-image size-large\"><img loading=\"lazy\" decoding=\"async\" width=\"1024\" height=\"461\" data-id=\"1301\" src=\"https:\/\/palmengarten-gesellschaft.de\/wp-content\/uploads\/2024\/07\/Fuchsien-Garten-in-Arbeit-3KL-1024x461.jpg\" alt=\"\" class=\"wp-image-1301\" srcset=\"https:\/\/palmengarten-gesellschaft.de\/wp-content\/uploads\/2024\/07\/Fuchsien-Garten-in-Arbeit-3KL-1024x461.jpg 1024w, https:\/\/palmengarten-gesellschaft.de\/wp-content\/uploads\/2024\/07\/Fuchsien-Garten-in-Arbeit-3KL-300x135.jpg 300w, https:\/\/palmengarten-gesellschaft.de\/wp-content\/uploads\/2024\/07\/Fuchsien-Garten-in-Arbeit-3KL-768x346.jpg 768w, https:\/\/palmengarten-gesellschaft.de\/wp-content\/uploads\/2024\/07\/Fuchsien-Garten-in-Arbeit-3KL-1536x691.jpg 1536w, https:\/\/palmengarten-gesellschaft.de\/wp-content\/uploads\/2024\/07\/Fuchsien-Garten-in-Arbeit-3KL.jpg 1600w\" sizes=\"auto, (max-width: 1024px) 100vw, 1024px\" \/><\/figure>\n\n\n\n<figure class=\"wp-block-image size-large\"><img loading=\"lazy\" decoding=\"async\" width=\"1024\" height=\"461\" data-id=\"1299\" src=\"https:\/\/palmengarten-gesellschaft.de\/wp-content\/uploads\/2024\/07\/2024_07_09-Fuchsien-Beet-fertig-5KL-1024x461.jpg\" alt=\"\" class=\"wp-image-1299\" srcset=\"https:\/\/palmengarten-gesellschaft.de\/wp-content\/uploads\/2024\/07\/2024_07_09-Fuchsien-Beet-fertig-5KL-1024x461.jpg 1024w, https:\/\/palmengarten-gesellschaft.de\/wp-content\/uploads\/2024\/07\/2024_07_09-Fuchsien-Beet-fertig-5KL-300x135.jpg 300w, https:\/\/palmengarten-gesellschaft.de\/wp-content\/uploads\/2024\/07\/2024_07_09-Fuchsien-Beet-fertig-5KL-768x346.jpg 768w, https:\/\/palmengarten-gesellschaft.de\/wp-content\/uploads\/2024\/07\/2024_07_09-Fuchsien-Beet-fertig-5KL-1536x691.jpg 1536w, https:\/\/palmengarten-gesellschaft.de\/wp-content\/uploads\/2024\/07\/2024_07_09-Fuchsien-Beet-fertig-5KL.jpg 2000w\" sizes=\"auto, (max-width: 1024px) 100vw, 1024px\" \/><\/figure>\n\n\n\n<figure class=\"wp-block-image size-large\"><img loading=\"lazy\" decoding=\"async\" width=\"1024\" height=\"768\" data-id=\"1300\" src=\"https:\/\/palmengarten-gesellschaft.de\/wp-content\/uploads\/2024\/07\/2024_07_17-Fuchsien-vollerblueht-3KL-1024x768.jpg\" alt=\"\" class=\"wp-image-1300\" srcset=\"https:\/\/palmengarten-gesellschaft.de\/wp-content\/uploads\/2024\/07\/2024_07_17-Fuchsien-vollerblueht-3KL-1024x768.jpg 1024w, https:\/\/palmengarten-gesellschaft.de\/wp-content\/uploads\/2024\/07\/2024_07_17-Fuchsien-vollerblueht-3KL-300x225.jpg 300w, https:\/\/palmengarten-gesellschaft.de\/wp-content\/uploads\/2024\/07\/2024_07_17-Fuchsien-vollerblueht-3KL-768x576.jpg 768w, https:\/\/palmengarten-gesellschaft.de\/wp-content\/uploads\/2024\/07\/2024_07_17-Fuchsien-vollerblueht-3KL-1536x1152.jpg 1536w, https:\/\/palmengarten-gesellschaft.de\/wp-content\/uploads\/2024\/07\/2024_07_17-Fuchsien-vollerblueht-3KL-730x547.jpg 730w, https:\/\/palmengarten-gesellschaft.de\/wp-content\/uploads\/2024\/07\/2024_07_17-Fuchsien-vollerblueht-3KL.jpg 2040w\" sizes=\"auto, (max-width: 1024px) 100vw, 1024px\" \/><\/figure>\n<\/figure>\n","protected":false},"excerpt":{"rendered":"<p>\u2026wie aus einem \u201aAcker\u2018 ein FUCHSIEN-GARTEN wurde! Anfang 2023 wurden wir vom Palmengarten gefragt, ob eine Finanzierung m\u00f6glich w\u00e4re, um &hellip; <a href=\"https:\/\/palmengarten-gesellschaft.de\/index.php\/fuchsiengarten\/\" class=\"more-link\"><span class=\"more-button\">Read More<span class=\"screen-reader-text\">Fuchsiengarten<\/span><\/span><\/a><\/p>\n","protected":false},"author":1,"featured_media":0,"parent":0,"menu_order":0,"comment_status":"closed","ping_status":"closed","template":"","meta":{"footnotes":""},"class_list":["post-1287","page","type-page","status-publish","hentry"],"_links":{"self":[{"href":"https:\/\/palmengarten-gesellschaft.de\/index.php\/wp-json\/wp\/v2\/pages\/1287","targetHints":{"allow":["GET"]}}],"collection":[{"href":"https:\/\/palmengarten-gesellschaft.de\/index.php\/wp-json\/wp\/v2\/pages"}],"about":[{"href":"https:\/\/palmengarten-gesellschaft.de\/index.php\/wp-json\/wp\/v2\/types\/page"}],"author":[{"embeddable":true,"href":"https:\/\/palmengarten-gesellschaft.de\/index.php\/wp-json\/wp\/v2\/users\/1"}],"replies":[{"embeddable":true,"href":"https:\/\/palmengarten-gesellschaft.de\/index.php\/wp-json\/wp\/v2\/comments?post=1287"}],"version-history":[{"count":3,"href":"https:\/\/palmengarten-gesellschaft.de\/index.php\/wp-json\/wp\/v2\/pages\/1287\/revisions"}],"predecessor-version":[{"id":1309,"href":"https:\/\/palmengarten-gesellschaft.de\/index.php\/wp-json\/wp\/v2\/pages\/1287\/revisions\/1309"}],"wp:attachment":[{"href":"https:\/\/palmengarten-gesellschaft.de\/index.php\/wp-json\/wp\/v2\/media?parent=1287"}],"curies":[{"name":"wp","href":"https:\/\/api.w.org\/{rel}","templated":true}]}}