{"id":1353,"date":"2025-02-04T12:35:38","date_gmt":"2025-02-04T11:35:38","guid":{"rendered":"https:\/\/palmengarten-gesellschaft.de\/?page_id=1353"},"modified":"2025-02-04T12:39:05","modified_gmt":"2025-02-04T11:39:05","slug":"mitgliedsbeitraege","status":"publish","type":"page","link":"https:\/\/palmengarten-gesellschaft.de\/index.php\/mitgliedsbeitraege\/","title":{"rendered":"Mitgliedsbeitr\u00e4ge"},"content":{"rendered":"\n<p style=\"font-size:20px\"><strong>Mitgliedsbeitr\u00e4ge f\u00fcr das Kalenderjahr ab 2025<\/strong><br>(= Gesch\u00e4ftsjahr des F\u00f6rdervereins):<br><\/p>\n\n\n\n<table id=\"tablepress-1\" class=\"tablepress tablepress-id-1\">\n<tbody class=\"row-hover\">\n<tr class=\"row-1\">\n\t<td class=\"column-1\"><strong>Einzelmitgliedschaft\t<\/strong>\t\t\t\t\t\t                                              <\/td><td class=\"column-2\"><strong>\u20ac 95,00<\/strong><\/td>\n<\/tr>\n<tr class=\"row-2\">\n\t<td class=\"column-1\"><strong>Partner-Beitrag<\/strong><br \/>\n(nur in Verbindung mit einer Einzelmitgliedschaft und nur bei gleicher Anschrift)<\/td><td class=\"column-2\"><strong>\u20ac 65,00<\/strong><\/td>\n<\/tr>\n<tr class=\"row-3\">\n\t<td class=\"column-1\"><strong>Kinder bis einschl. 17 Jahre<\/strong>\t\t\t\t\t\t          <\/td><td class=\"column-2\"><strong>frei<\/strong><\/td>\n<\/tr>\n<tr class=\"row-4\">\n\t<td class=\"column-1\"><strong>Einzelmitglieder in Ausbildung\t\t\t\t\t                                                                             <\/strong> <br \/>\n(Studenten, Auszubildende &#8211; nur mit Ausbildungsnachweis!)<br \/>\n<\/td><td class=\"column-2\"><strong>\u20ac 59,00<\/strong><br \/>\n<br \/>\n<\/td>\n<\/tr>\n<tr class=\"row-5\">\n\t<td class=\"column-1\"><strong>F\u00f6rderndes Mitglied\t<\/strong>\t\t\t\t\t    <br \/>\n(Bei Interesse sprechen Sie uns bitte an)<br \/>\n<\/td><td class=\"column-2\"><strong>ab \u20ac 500,00<\/strong><\/td>\n<\/tr>\n<tr class=\"row-6\">\n\t<td class=\"column-1\"><strong>Lebenslange Einzelmitgliedschaft<\/strong><\/td><td class=\"column-2\"><strong>\u20ac 1.950,00<\/strong><\/td>\n<\/tr>\n<\/tbody>\n<\/table>\n<!-- #tablepress-1 from cache -->\n\n\n<p style=\"font-size:20px\"><\/p>\n\n\n\n<p>Die Best\u00e4tigung \u00fcber die Mitgliedschaft, die Mitgliedskarte(n) und weitereInformationen zum Palmengarten erhalten Sie nach Zahlungseingang.<br>Die K\u00fcndigung der Mitgliedschaft kann jederzeit zum Jahresende erfolgen. Vorsorglich weisen wir darauf hin, dass Ihre Mitgliedschaft &#8211; sofern der j\u00e4hrliche Mitgliedsbeitrag nicht gezahlt wird &#8211; sp\u00e4testens zum 31.03. jeden Jahres endet.<\/p>\n\n\n\n<p><\/p>\n\n\n\n<h2 class=\"wp-block-heading\">Erl\u00e4uterungen zur neuen Beitragsstruktur ab 2025<\/h2>\n\n\n\n<p>Wir alle erfreuen uns seit vielen Jahren an \u201aunserem\u2018 Palmengarten, seinen Pflanzen, dem hohen Erholungswert und auch den vielf\u00e4ltigen kulturellen Angeboten.<\/p>\n\n\n\n<p>Das Hauptaugenmerk und gleichzeitig das Kern\u2019gesch\u00e4ft\u2018 des Palmengartens sind die Pflanzen und deren Lebensr\u00e4ume. Die Erhaltung und das Wohlbefinden geben uns erst die M\u00f6glichkeit, den wundersch\u00f6nen Garten zu erleben.<\/p>\n\n\n\n<p>Neben gesetzlichen Erfordernissen und Anpassungen an den Klimawandel steht auch der Erhalt der vielf\u00e4ltigen Flora und der teilweise sehr alten Bauten im Fokus.<\/p>\n\n\n\n<p>Der Kostendruck ist \u2013 wie f\u00fcr uns alle \u2013 erheblich. Um diesen nur etwas aufzufangen, sah sich die Stadt Frankfurt am Main in der Notwendigkeit, die seit 11 Jahren unver\u00e4nderten Eintrittspreise mit Wirkung zum 15.04.2024 anzuheben.<\/p>\n\n\n\n<p>In Folge dessen haben wir bei der letzten Mitgliederversammlung am 18.04.2024 ebenfalls eine Erh\u00f6hung unserer Mitgliedsbeitr\u00e4ge intensiv er\u00f6rtert. Das letzte Mal hatten wir die Mitgliedsbeitr\u00e4ge vor \u00fcber 10 Jahren erh\u00f6ht. Im Ergebnis hat die ordentliche Mitgliederversammlung vom 18.04.2024 eine Erh\u00f6hung unserer Mitgliedsbeitr\u00e4ge ab dem 01.01.2025 beschlossen.<\/p>\n\n\n\n<p>Auch wenn die Erh\u00f6hung der Mitgliedsbeitr\u00e4ge erheblich erscheint, bedenken Sie bitte, dass Sie mit den Beitr\u00e4gen weiterhin die vielf\u00e4ltigen kleinen, gr\u00f6\u00dferen, sichtbaren oder auch nicht gleich sichtbaren Projekte des Palmengartens erm\u00f6glichen. Wir berichten gerne dar\u00fcber in der j\u00e4hrlichen Mitgliederversammlung und auch auf unserer Homepage.<\/p>\n\n\n\n<p>Zudem weisen wir darauf hin, dass unsere Mitglieder als Dank des Palmengartens f\u00fcr unsere stetige Unterst\u00fctzung neben dem ganzj\u00e4hrigen Eintritt in den Garten noch besondere Angebote erhalten, die der Kauf einer \u201aregul\u00e4ren\u2018 Jahreskarte nicht umfasst.<\/p>\n\n\n\n<p>Unsere Mitglieder<\/p>\n\n\n\n<ul class=\"wp-block-list\">\n<li>erhalten das einmal j\u00e4hrlich erscheinende, neu aufgelegte Magazin \u201eDer Palmengarten\u201c (Herausgeber Palmengarten\/Stadt Frankfurt am Main) und<\/li>\n\n\n\n<li>haben zweimal j\u00e4hrlich exklusiv die M\u00f6glichkeit, noch vor der offiziellen Er\u00f6ffnung die neuen Blumenschauen oder (Kunst)Ausstellungen zu sehen.<\/li>\n<\/ul>\n\n\n\n<p>Die Erh\u00f6hung der Mitgliedsbeitr\u00e4ge ist der Mitgliederversammlung nicht leichtgefallen und wurde gut \u00fcberlegt und abgewogen. Wir hoffen, dass Sie die Gr\u00fcnde nachvollziehen k\u00f6nnen und den Freunden des Palmengartens TREU bleiben!<\/p>\n\n\n\n<p>Freunde des Palmengartens e. V.&nbsp;&nbsp;&nbsp;&nbsp;&nbsp;&nbsp;&nbsp;&nbsp;&nbsp;&nbsp;&nbsp;&nbsp;&nbsp;&nbsp;&nbsp;&nbsp;&nbsp;&nbsp;&nbsp;&nbsp;&nbsp;&nbsp;&nbsp;&nbsp;&nbsp;&nbsp;&nbsp;&nbsp;&nbsp;&nbsp;&nbsp;&nbsp;&nbsp;&nbsp;&nbsp;&nbsp;&nbsp;&nbsp;&nbsp;&nbsp;&nbsp;&nbsp;&nbsp;&nbsp;&nbsp;&nbsp; im Oktober 2024&nbsp;&nbsp;&nbsp;&nbsp;&nbsp;<\/p>\n\n\n\n<p>&nbsp;&nbsp;&nbsp; Palmengarten-Gesellschaft<br>&nbsp;&nbsp;&nbsp;&nbsp;&nbsp;&nbsp;&nbsp;&nbsp;&nbsp;&nbsp;&nbsp;&nbsp;&nbsp;&nbsp;&nbsp;&nbsp;&nbsp; Vorstand<\/p>\n\n\n\n<h4 class=\"wp-block-heading\"><\/h4>\n\n\n\n<div class=\"wp-block-columns is-layout-flex wp-container-core-columns-is-layout-9d6595d7 wp-block-columns-is-layout-flex\">\n<div class=\"wp-block-column is-layout-flow wp-block-column-is-layout-flow\" style=\"flex-basis:100%\"><\/div>\n<\/div>\n\n\n\n<p><\/p>\n","protected":false},"excerpt":{"rendered":"<p>Mitgliedsbeitr\u00e4ge f\u00fcr das Kalenderjahr ab 2025(= Gesch\u00e4ftsjahr des F\u00f6rdervereins): Die Best\u00e4tigung \u00fcber die Mitgliedschaft, die Mitgliedskarte(n) und weitereInformationen zum Palmengarten &hellip; <a href=\"https:\/\/palmengarten-gesellschaft.de\/index.php\/mitgliedsbeitraege\/\" class=\"more-link\"><span class=\"more-button\">Read More<span class=\"screen-reader-text\">Mitgliedsbeitr\u00e4ge<\/span><\/span><\/a><\/p>\n","protected":false},"author":1,"featured_media":0,"parent":0,"menu_order":0,"comment_status":"closed","ping_status":"closed","template":"","meta":{"footnotes":""},"class_list":["post-1353","page","type-page","status-publish","hentry"],"_links":{"self":[{"href":"https:\/\/palmengarten-gesellschaft.de\/index.php\/wp-json\/wp\/v2\/pages\/1353","targetHints":{"allow":["GET"]}}],"collection":[{"href":"https:\/\/palmengarten-gesellschaft.de\/index.php\/wp-json\/wp\/v2\/pages"}],"about":[{"href":"https:\/\/palmengarten-gesellschaft.de\/index.php\/wp-json\/wp\/v2\/types\/page"}],"author":[{"embeddable":true,"href":"https:\/\/palmengarten-gesellschaft.de\/index.php\/wp-json\/wp\/v2\/users\/1"}],"replies":[{"embeddable":true,"href":"https:\/\/palmengarten-gesellschaft.de\/index.php\/wp-json\/wp\/v2\/comments?post=1353"}],"version-history":[{"count":10,"href":"https:\/\/palmengarten-gesellschaft.de\/index.php\/wp-json\/wp\/v2\/pages\/1353\/revisions"}],"predecessor-version":[{"id":1371,"href":"https:\/\/palmengarten-gesellschaft.de\/index.php\/wp-json\/wp\/v2\/pages\/1353\/revisions\/1371"}],"wp:attachment":[{"href":"https:\/\/palmengarten-gesellschaft.de\/index.php\/wp-json\/wp\/v2\/media?parent=1353"}],"curies":[{"name":"wp","href":"https:\/\/api.w.org\/{rel}","templated":true}]}}