{"id":80,"date":"2019-11-18T16:07:38","date_gmt":"2019-11-18T15:07:38","guid":{"rendered":"http:\/\/wp13431093.server-he.de\/pgg\/?page_id=80"},"modified":"2026-04-28T10:08:07","modified_gmt":"2026-04-28T08:08:07","slug":"der-verein","status":"publish","type":"page","link":"https:\/\/palmengarten-gesellschaft.de\/","title":{"rendered":"Der Verein"},"content":{"rendered":"\n<h4 class=\"wp-block-heading has-text-align-center has-purple-color has-text-color\"><\/h4>\n\n\n<div class=\"wp-block-image is-style-default\">\n<figure class=\"alignright size-large is-resized\"><img loading=\"lazy\" decoding=\"async\" width=\"1024\" height=\"680\" src=\"https:\/\/palmengarten-gesellschaft.de\/wp-content\/uploads\/2019\/11\/Haus-1024x680.jpg\" alt=\"\" class=\"wp-image-133\" style=\"width:306px;height:203px\" srcset=\"https:\/\/palmengarten-gesellschaft.de\/wp-content\/uploads\/2019\/11\/Haus-1024x680.jpg 1024w, https:\/\/palmengarten-gesellschaft.de\/wp-content\/uploads\/2019\/11\/Haus-300x199.jpg 300w, https:\/\/palmengarten-gesellschaft.de\/wp-content\/uploads\/2019\/11\/Haus-768x510.jpg 768w, https:\/\/palmengarten-gesellschaft.de\/wp-content\/uploads\/2019\/11\/Haus.jpg 1500w\" sizes=\"auto, (max-width: 1024px) 100vw, 1024px\" \/><\/figure>\n<\/div>\n\n\n<p>Die Gesellschaft \u201eFreunde des Palmengartens\u201c ist ein gemeinn\u00fctziger Verein. Einziger Zweck der 1931 gegr\u00fcndeten Gesellschaft ist die F\u00f6rderung des Palmengartens Frankfurt am Main durch die (Mit)Finanzierung von Projekten,  die den Palmengarten erhalten, entwickeln und in seiner botanischen Vielfalt den B\u00fcrgern Frankfurts in allen Altersgruppen nahebringen sollen. Neben Mitgliedsbeitr\u00e4gen und Spenden unterst\u00fctzen Mitglieder dieses Bestreben auch durch ihren pers\u00f6nlichen Einsatz (z.B. bei der Betreuung von Ausstellungen). In den vergangenen zehn Jahren hat die Palmengartengesellschaft Projekte des Palmengartens mit insgesamt fast einer Million Euro gef\u00f6rdert.  <\/p>\n\n\n\n<p>Die Gesellschaft z\u00e4hlt ca.&nbsp;1.400 Mitglieder. Mitglieder bekommen einige Extras: <\/p>\n\n\n\n<ul class=\"wp-block-list\">\n<li>ganzj\u00e4hrig Eintritt in den Palmengarten<\/li>\n\n\n\n<li>Teilnahme an Ausstellungser\u00f6ffnungen<\/li>\n\n\n\n<li>F\u00fchrungen und Vortr\u00e4ge \u00fcber Pflanzen, ihre Kultur, Nutzung und Lebensr\u00e4ume (Veranstalter: Palmengarten der Stadt Frankfurt am Main)<br><\/li>\n<\/ul>\n\n\n\n<hr class=\"wp-block-separator has-text-color has-black-color has-alpha-channel-opacity has-black-background-color has-background is-style-wide\"\/>\n\n\n\n<h2 class=\"wp-block-heading\"><strong>Mitglied werden<\/strong><\/h2>\n\n\n<div class=\"wp-block-image\">\n<figure class=\"alignright size-full is-resized\"><a href=\"https:\/\/palmengarten-gesellschaft.de\/wp-content\/uploads\/2024\/10\/PGG_Anmeldung_v1024.pdf\" target=\"_blank\" rel=\" noreferrer noopener\"><img loading=\"lazy\" decoding=\"async\" width=\"808\" height=\"701\" src=\"https:\/\/palmengarten-gesellschaft.de\/wp-content\/uploads\/2024\/11\/PGG1124_Anmeldung.jpg\" alt=\"\" class=\"wp-image-1326\" style=\"width:392px;height:336px\" srcset=\"https:\/\/palmengarten-gesellschaft.de\/wp-content\/uploads\/2024\/11\/PGG1124_Anmeldung.jpg 808w, https:\/\/palmengarten-gesellschaft.de\/wp-content\/uploads\/2024\/11\/PGG1124_Anmeldung-300x260.jpg 300w, https:\/\/palmengarten-gesellschaft.de\/wp-content\/uploads\/2024\/11\/PGG1124_Anmeldung-768x666.jpg 768w\" sizes=\"auto, (max-width: 808px) 100vw, 808px\" \/><\/a><\/figure>\n<\/div>\n\n\n<p class=\"has-text-align-left\">Mitglied im Verein zu werden ist nicht schwer. Schicken Sie uns die (direkt am Computer) ausgef\u00fcllte Anmeldung per eMail oder per Brief oder geben Sie sie einfach in der Gesch\u00e4ftsstelle ab. Sobald ihr Mitgliedsbeitrag auf dem Konto eingegangen ist, erhalten Sie Ihre Mitgliedskarte. Die Karte zum Eintritt in den Palmengarten erhalten Sie bei Ihrem ersten Eintritt an einer der beiden Palmengartenkassen. Sie werden dort fotografiert und k\u00f6nnen mit der neuen Karte gleich eintreten.<br>Bitte bringen Sie ihre Mitgliedskarte und einen Ausweis mit Lichtbild mit.<\/p>\n\n\n\n<p><em>Beachten Sie auch die Erl\u00e4uterungen zur neuen Beitragsstruktur ab 2025 &#8211;<a href=\"https:\/\/palmengarten-gesellschaft.de\/index.php\/mitgliedsbeitraege\/\">HIER<\/a><\/em><\/p>\n\n\n\n<p class=\"has-small-font-size\"><em>(Bitte klicken Sie zum \u00d6ffnen der Datei das Bild an. Um das Formular am PC ausf\u00fcllen zu k\u00f6nnen, mu\u00df die Datei heruntergeladen werden!)<\/em><\/p>\n\n\n\n<div style=\"height:13px\" aria-hidden=\"true\" class=\"wp-block-spacer\"><\/div>\n\n\n\n<div class=\"wp-block-group\"><div class=\"wp-block-group__inner-container is-layout-flow wp-block-group-is-layout-flow\">\n<hr class=\"wp-block-separator has-text-color has-black-color has-alpha-channel-opacity has-black-background-color has-background is-style-wide\"\/>\n\n\n\n<p><\/p>\n\n\n<div class=\"wp-block-image is-style-default\">\n<figure class=\"aligncenter size-large\"><a href=\"https:\/\/www.palmengarten.de\/de\/150-jahre-palmengarten.html\" target=\"_blank\" rel=\"noreferrer noopener\"><img loading=\"lazy\" decoding=\"async\" width=\"1024\" height=\"658\" src=\"https:\/\/palmengarten-gesellschaft.de\/wp-content\/uploads\/2023\/01\/VirtuellerRundgang-1024x658.jpg\" alt=\"\" class=\"wp-image-989\" srcset=\"https:\/\/palmengarten-gesellschaft.de\/wp-content\/uploads\/2023\/01\/VirtuellerRundgang-1024x658.jpg 1024w, https:\/\/palmengarten-gesellschaft.de\/wp-content\/uploads\/2023\/01\/VirtuellerRundgang-300x193.jpg 300w, https:\/\/palmengarten-gesellschaft.de\/wp-content\/uploads\/2023\/01\/VirtuellerRundgang-768x493.jpg 768w, https:\/\/palmengarten-gesellschaft.de\/wp-content\/uploads\/2023\/01\/VirtuellerRundgang.jpg 1129w\" sizes=\"auto, (max-width: 1024px) 100vw, 1024px\" \/><\/a><figcaption class=\"wp-element-caption\"><em>Hier finden Sie den virtuellen Rundgang durch Teile des Palmengartens<\/em><\/figcaption><\/figure>\n<\/div>\n\n\n<p><\/p>\n\n\n\n<hr class=\"wp-block-separator has-text-color has-black-color has-alpha-channel-opacity has-black-background-color has-background is-style-wide\"\/>\n\n\n\n<h2 class=\"wp-block-heading\"> Der Vorstand<\/h2>\n<\/div><\/div>\n\n\n\n<div class=\"wp-block-columns is-layout-flex wp-container-core-columns-is-layout-9d6595d7 wp-block-columns-is-layout-flex\">\n<div class=\"wp-block-column is-layout-flow wp-block-column-is-layout-flow\"><div class=\"wp-block-image is-style-default\">\n<figure class=\"aligncenter size-full is-resized\"><img loading=\"lazy\" decoding=\"async\" width=\"640\" height=\"605\" src=\"https:\/\/palmengarten-gesellschaft.de\/wp-content\/uploads\/2019\/11\/man-303792_640.png\" alt=\"\" class=\"wp-image-275\" style=\"aspect-ratio:0.7029702970297029;width:213px;height:auto\" srcset=\"https:\/\/palmengarten-gesellschaft.de\/wp-content\/uploads\/2019\/11\/man-303792_640.png 640w, https:\/\/palmengarten-gesellschaft.de\/wp-content\/uploads\/2019\/11\/man-303792_640-300x284.png 300w\" sizes=\"auto, (max-width: 640px) 100vw, 640px\" \/><figcaption class=\"wp-element-caption\">Dr. Egon Winter<br>stellvertr. Vorsitzender <br><\/figcaption><\/figure>\n<\/div><\/div>\n\n\n\n<div class=\"wp-block-column is-layout-flow wp-block-column-is-layout-flow\"><div class=\"wp-block-image is-style-default\">\n<figure class=\"aligncenter size-large is-resized\"><img loading=\"lazy\" decoding=\"async\" width=\"518\" height=\"772\" src=\"https:\/\/palmengarten-gesellschaft.de\/wp-content\/uploads\/2020\/03\/Schmidt_kl.jpg\" alt=\"\" class=\"wp-image-459\" style=\"width:201px;height:300px\" srcset=\"https:\/\/palmengarten-gesellschaft.de\/wp-content\/uploads\/2020\/03\/Schmidt_kl.jpg 518w, https:\/\/palmengarten-gesellschaft.de\/wp-content\/uploads\/2020\/03\/Schmidt_kl-201x300.jpg 201w\" sizes=\"auto, (max-width: 518px) 100vw, 518px\" \/><\/figure>\n<\/div>\n\n\n<p class=\"has-text-align-center\"> Lars Schmidt<br>1. Vorsitzender <br>Rechtsanwalt <\/p>\n<\/div>\n\n\n\n<div class=\"wp-block-column is-layout-flow wp-block-column-is-layout-flow\"><div class=\"wp-block-image is-style-default\">\n<figure class=\"aligncenter size-large is-resized\"><img loading=\"lazy\" decoding=\"async\" width=\"409\" height=\"503\" src=\"https:\/\/palmengarten-gesellschaft.de\/wp-content\/uploads\/2020\/03\/Sebastian_kl.jpg\" alt=\"\" class=\"wp-image-460\" style=\"width:241px;height:296px\" srcset=\"https:\/\/palmengarten-gesellschaft.de\/wp-content\/uploads\/2020\/03\/Sebastian_kl.jpg 409w, https:\/\/palmengarten-gesellschaft.de\/wp-content\/uploads\/2020\/03\/Sebastian_kl-244x300.jpg 244w\" sizes=\"auto, (max-width: 409px) 100vw, 409px\" \/><figcaption class=\"wp-element-caption\">Lolita Sebastian<br>Schatzmeisterin <br>Bankkauffrau<br>staatliche gepr\u00fcfte Betriebswirtin <\/figcaption><\/figure>\n<\/div><\/div>\n<\/div>\n\n\n\n<hr class=\"wp-block-separator has-text-color has-black-color has-alpha-channel-opacity has-black-background-color has-background is-style-wide\"\/>\n\n\n\n<p style=\"font-size:24px\"><strong>Beirat und Administration<\/strong><\/p>\n\n\n\n<div class=\"wp-block-columns is-layout-flex wp-container-core-columns-is-layout-9d6595d7 wp-block-columns-is-layout-flex\">\n<div class=\"wp-block-column is-layout-flow wp-block-column-is-layout-flow\" style=\"flex-basis:37.75%\">\n<p><strong>Beirat<\/strong><br> Der Palmengartendirektor  \/ die Palmengartendirektorin ist qua Amt  st\u00e4ndiger Beirat\/Beir\u00e4tin der Gesellschaft. <br>Aktuell ist dies Dr. Katja  Heubach. <\/p>\n<\/div>\n\n\n\n<div class=\"wp-block-column is-layout-flow wp-block-column-is-layout-flow\" style=\"flex-basis:32%\">\n<p><strong>Gesch\u00e4ftsstelle<\/strong><br>Die Gesch\u00e4ftsstelle wird von Marion Hehl betreut.  <\/p>\n<\/div>\n\n\n\n<div class=\"wp-block-column is-layout-flow wp-block-column-is-layout-flow\" style=\"flex-basis:30.25%\">\n<p><\/p>\n<\/div>\n<\/div>\n\n\n\n<hr class=\"wp-block-separator has-css-opacity is-style-wide\"\/>\n","protected":false},"excerpt":{"rendered":"<p>Die Gesellschaft \u201eFreunde des Palmengartens\u201c ist ein gemeinn\u00fctziger Verein. Einziger Zweck der 1931 gegr\u00fcndeten Gesellschaft ist die F\u00f6rderung des Palmengartens &hellip; <a href=\"https:\/\/palmengarten-gesellschaft.de\/\" class=\"more-link\"><span class=\"more-button\">Read More<span class=\"screen-reader-text\">Der Verein<\/span><\/span><\/a><\/p>\n","protected":false},"author":1,"featured_media":0,"parent":0,"menu_order":0,"comment_status":"closed","ping_status":"closed","template":"","meta":{"footnotes":""},"class_list":["post-80","page","type-page","status-publish","hentry"],"_links":{"self":[{"href":"https:\/\/palmengarten-gesellschaft.de\/index.php\/wp-json\/wp\/v2\/pages\/80","targetHints":{"allow":["GET"]}}],"collection":[{"href":"https:\/\/palmengarten-gesellschaft.de\/index.php\/wp-json\/wp\/v2\/pages"}],"about":[{"href":"https:\/\/palmengarten-gesellschaft.de\/index.php\/wp-json\/wp\/v2\/types\/page"}],"author":[{"embeddable":true,"href":"https:\/\/palmengarten-gesellschaft.de\/index.php\/wp-json\/wp\/v2\/users\/1"}],"replies":[{"embeddable":true,"href":"https:\/\/palmengarten-gesellschaft.de\/index.php\/wp-json\/wp\/v2\/comments?post=80"}],"version-history":[{"count":112,"href":"https:\/\/palmengarten-gesellschaft.de\/index.php\/wp-json\/wp\/v2\/pages\/80\/revisions"}],"predecessor-version":[{"id":1467,"href":"https:\/\/palmengarten-gesellschaft.de\/index.php\/wp-json\/wp\/v2\/pages\/80\/revisions\/1467"}],"wp:attachment":[{"href":"https:\/\/palmengarten-gesellschaft.de\/index.php\/wp-json\/wp\/v2\/media?parent=80"}],"curies":[{"name":"wp","href":"https:\/\/api.w.org\/{rel}","templated":true}]}}