{"id":85,"date":"2019-11-18T16:04:43","date_gmt":"2019-11-18T15:04:43","guid":{"rendered":"http:\/\/wp13431093.server-he.de\/pgg\/?page_id=85"},"modified":"2024-06-04T10:56:04","modified_gmt":"2024-06-04T08:56:04","slug":"impressum","status":"publish","type":"page","link":"https:\/\/palmengarten-gesellschaft.de\/index.php\/impressum\/","title":{"rendered":"Impressum"},"content":{"rendered":"\n<p><br>Freunde des Palmengartens e. V. <br>Siesmayerstra\u00dfe 63<br>60323 Frankurt<\/p>\n\n\n\n<p><strong>Vertreten durch den Vorstand<\/strong><br>&#8211; Lars Schmidt, Vorsitzender<br>&#8211; Prof. Dr. Anna Starzinski-Powitz, stellvertr. Vorsitzende<br>&#8211; Lolita Sebastian, Schatzmeisterin<br><br>Eingetragen im Vereinsregister des Amtsgericht Frankfurt am Main<br>(Register-Nr. VR 5031) <\/p>\n\n\n\n<p><strong>Kontakt<\/strong><br><em>Telefon<\/em>: (069) 74 58 39<br><em>Email<\/em>:  <a href=\"mailto:info@palmengarten-gesellschaft.de\">info@palmengarten-gesellschaft.de<\/a> <\/p>\n\n\n\n<p><\/p>\n\n\n\n<p><strong>Umsatzsteuer<\/strong><br>Der Verein ist gem\u00e4\u00df Vereinsrecht umsatzsteuerbefreit<\/p>\n\n\n\n<p><\/p>\n\n\n\n<p><strong>Bildnachweis<\/strong><br>Alle verwendeten Bilder entstammen der Plattform f\u00fcr kostenlose Bilder  pixabay.com, Palmengartengesellschaft und Palmengarten Stadt Frankfurt <\/p>\n\n\n\n<p><\/p>\n\n\n\n<p><strong>Streitschlichtung<\/strong><br>Wir sind nicht bereit oder verpflichtet, an Streitbeilegungsverfahren vor einer Verbraucherschlichtungsstelle teilzunehmen. <\/p>\n\n\n\n<p><strong>Haftung f\u00fcr Inhalte<\/strong><br>Als Diensteanbieter sind wir gem\u00e4\u00df \u00a7 7 Abs.1 TMG f\u00fcr eigene Inhalte  auf diesen Seiten nach den allgemeinen Gesetzen verantwortlich. Nach \u00a7\u00a7 8  bis 10 TMG sind wir als Diensteanbieter jedoch nicht verpflichtet,  \u00fcbermittelte oder gespeicherte fremde Informationen zu \u00fcberwachen oder  nach Umst\u00e4nden zu forschen, die auf eine rechtswidrige T\u00e4tigkeit  hinweisen.<\/p>\n\n\n\n<p>Verpflichtungen zur Entfernung oder Sperrung der Nutzung von \nInformationen nach den allgemeinen Gesetzen bleiben hiervon unber\u00fchrt. \nEine diesbez\u00fcgliche Haftung ist jedoch erst ab dem Zeitpunkt der \nKenntnis einer konkreten Rechtsverletzung m\u00f6glich. Bei Bekanntwerden von\n entsprechenden Rechtsverletzungen werden wir diese Inhalte umgehend \nentfernen.<\/p>\n\n\n\n<p><strong>Haftung f\u00fcr Links<\/strong><br>Unser Angebot enth\u00e4lt Links zu externen Websites Dritter, auf deren  Inhalte wir keinen Einfluss haben. Deshalb k\u00f6nnen wir f\u00fcr diese fremden  Inhalte auch keine Gew\u00e4hr \u00fcbernehmen. F\u00fcr die Inhalte der verlinkten  Seiten ist stets der jeweilige Anbieter oder Betreiber der Seiten  verantwortlich. Die verlinkten Seiten wurden zum Zeitpunkt der  Verlinkung auf m\u00f6gliche Rechtsverst\u00f6\u00dfe \u00fcberpr\u00fcft. Rechtswidrige Inhalte  waren zum Zeitpunkt der Verlinkung nicht erkennbar.<\/p>\n\n\n\n<p>Eine permanente inhaltliche Kontrolle der verlinkten Seiten ist \njedoch ohne konkrete Anhaltspunkte einer Rechtsverletzung nicht \nzumutbar. Bei Bekanntwerden von Rechtsverletzungen werden wir derartige \nLinks umgehend entfernen.<\/p>\n\n\n\n<p><strong>Urheberrecht<\/strong><br>Die durch die Seitenbetreiber erstellten Inhalte und Werke auf diesen  Seiten unterliegen dem deutschen Urheberrecht. Die Vervielf\u00e4ltigung,  Bearbeitung, Verbreitung und jede Art der Verwertung au\u00dferhalb der  Grenzen des Urheberrechtes bed\u00fcrfen der schriftlichen Zustimmung des  jeweiligen Autors bzw. Erstellers. Downloads und Kopien dieser Seite  sind nur f\u00fcr den privaten, nicht kommerziellen Gebrauch gestattet.<\/p>\n\n\n\n<p>Soweit die Inhalte auf dieser Seite nicht vom Betreiber erstellt  wurden, werden die Urheberrechte Dritter beachtet. Insbesondere werden  Inhalte Dritter als solche gekennzeichnet. Sollten Sie trotzdem auf  eine&nbsp; Urheberrechtsverletzung aufmerksam werden, bitten wir um einen  entsprechenden Hinweis. Bei Bekanntwerden von Rechtsverletzungen werden  wir derartige Inhalte umgehend entfernen.<\/p>\n\n\n\n<p><\/p>\n\n\n\n<h1 class=\"wp-block-heading\">Datenschutzerkl\u00e4rung<\/h1>\n\n\n\n<p><strong>Datenschutz<\/strong><br>Die Betreiber dieser Seiten nehmen den Schutz Ihrer pers\u00f6nlichen  Daten sehr ernst. Wir behandeln Ihre personenbezogenen Daten vertraulich  und entsprechend der gesetzlichen Datenschutzvorschriften sowie dieser<br> Datenschutzerkl\u00e4rung.<\/p>\n\n\n\n<p>Die Nutzung unserer Website ist in der Regel ohne Angabe \npersonenbezogener Daten m\u00f6glich. Soweit auf unseren Seiten \npersonenbezogene Daten (beispielsweise Name, Anschrift oder \nE-Mail-Adressen) erhoben werden, erfolgt dies, soweit m\u00f6glich, stets auf\n freiwilliger Basis. Diese Daten werden ohne Ihre ausdr\u00fcckliche \nZustimmung nicht an Dritte weitergegeben.<\/p>\n\n\n\n<p>Wir weisen darauf hin, dass die Daten\u00fcbertragung im Internet (z.B. \nbei der Kommunikation per E-Mail)&nbsp; Sicherheitsl\u00fccken aufweisen kann. Ein\n l\u00fcckenloser Schutz der Daten vor dem Zugriff durch Dritte ist nicht \nm\u00f6glich.<\/p>\n\n\n\n<p><strong>Cookies<\/strong><br>Die Internetseiten verwenden teilweise so genannte Cookies. Cookies  richten auf Ihrem Rechner keinen Schaden an und enthalten keine Viren.  Cookies dienen dazu, unser Angebot nutzerfreundlicher, effektiver und  sicherer zu machen. Cookies sind kleine Textdateien, die auf Ihrem  Rechner abgelegt werden und die Ihr Browser speichert.<\/p>\n\n\n\n<p>Die meisten der von uns verwendeten Cookies sind so genannte \n\u201eSession-Cookies\u201c. Sie werden nach Ende Ihres Besuchs automatisch \ngel\u00f6scht. Andere Cookies bleiben auf Ihrem Endger\u00e4t gespeichert, bis Sie\n diese l\u00f6schen.<br>\nDiese Cookies erm\u00f6glichen es uns, Ihren Browser beim n\u00e4chsten Besuch wiederzuerkennen.<\/p>\n\n\n\n<p>Sie k\u00f6nnen Ihren Browser so einstellen, dass Sie \u00fcber das Setzen von \nCookies informiert werden und Cookies nur im Einzelfall erlauben, die \nAnnahme von Cookies f\u00fcr bestimmte F\u00e4lle oder generell ausschlie\u00dfen sowie\n das automatische L\u00f6schen der Cookies beim Schlie\u00dfen des Browser \naktivieren. Bei der Deaktivierung von Cookies kann die Funktionalit\u00e4t \ndieser Website eingeschr\u00e4nkt sein.<\/p>\n\n\n\n<p><strong>Kontaktformular<\/strong><br>Wenn Sie uns per Kontaktformular Anfragen zukommen lassen, werden  Ihre Angaben aus dem Anfrageformular inklusive der von Ihnen dort  angegebenen Kontaktdaten zwecks Bearbeitung der Anfrage und f\u00fcr den Fall  von Anschlussfragen bei uns gespeichert. Diese Daten geben wir nicht  ohne Ihre Einwilligung weiter.<\/p>\n\n\n\n<p><strong>XING<\/strong><br>Unsere Website nutzt Funktionen des Netzwerks XING. Anbieter ist die  XING AG, Dammtorstra\u00dfe 29-32, 20354 Hamburg, Deutschland. Bei jedem  Abruf einer unserer Seiten, die Funktionen von XING enth\u00e4lt, wird eine  Verbindung zu Servern von XING hergestellt. Eine Speicherung von  personenbezogenen Daten erfolgt dabei nach unserer Kenntnis nicht.  Insbesondere werden keine IP-Adressen gespeichert oder das  Nutzungsverhalten ausgewertet.<\/p>\n\n\n\n<p><strong>Widerspruch Werbe-Mails<\/strong><br>Der Nutzung von im Rahmen der Impressumspflicht ver\u00f6ffentlichten  Kontaktdaten zur \u00dcbersendung von nicht ausdr\u00fccklich angeforderter  Werbung und Informationsmaterialien wird hiermit widersprochen. Die  Betreiber der Seiten behalten sich ausdr\u00fccklich rechtliche Schritte im  Falle der unverlangten Zusendung von Werbeinformationen, etwa durch  Spam-E-Mails, vor.<\/p>\n\n\n\n<p><\/p>\n","protected":false},"excerpt":{"rendered":"<p>Freunde des Palmengartens e. V. Siesmayerstra\u00dfe 6360323 Frankurt Vertreten durch den Vorstand&#8211; Lars Schmidt, Vorsitzender&#8211; Prof. Dr. Anna Starzinski-Powitz, stellvertr. &hellip; <a href=\"https:\/\/palmengarten-gesellschaft.de\/index.php\/impressum\/\" class=\"more-link\"><span class=\"more-button\">Read More<span class=\"screen-reader-text\">Impressum<\/span><\/span><\/a><\/p>\n","protected":false},"author":1,"featured_media":0,"parent":0,"menu_order":0,"comment_status":"closed","ping_status":"closed","template":"","meta":{"footnotes":""},"class_list":["post-85","page","type-page","status-publish","hentry"],"_links":{"self":[{"href":"https:\/\/palmengarten-gesellschaft.de\/index.php\/wp-json\/wp\/v2\/pages\/85","targetHints":{"allow":["GET"]}}],"collection":[{"href":"https:\/\/palmengarten-gesellschaft.de\/index.php\/wp-json\/wp\/v2\/pages"}],"about":[{"href":"https:\/\/palmengarten-gesellschaft.de\/index.php\/wp-json\/wp\/v2\/types\/page"}],"author":[{"embeddable":true,"href":"https:\/\/palmengarten-gesellschaft.de\/index.php\/wp-json\/wp\/v2\/users\/1"}],"replies":[{"embeddable":true,"href":"https:\/\/palmengarten-gesellschaft.de\/index.php\/wp-json\/wp\/v2\/comments?post=85"}],"version-history":[{"count":11,"href":"https:\/\/palmengarten-gesellschaft.de\/index.php\/wp-json\/wp\/v2\/pages\/85\/revisions"}],"predecessor-version":[{"id":1268,"href":"https:\/\/palmengarten-gesellschaft.de\/index.php\/wp-json\/wp\/v2\/pages\/85\/revisions\/1268"}],"wp:attachment":[{"href":"https:\/\/palmengarten-gesellschaft.de\/index.php\/wp-json\/wp\/v2\/media?parent=85"}],"curies":[{"name":"wp","href":"https:\/\/api.w.org\/{rel}","templated":true}]}}